{"id":63,"date":"2022-10-21T22:11:26","date_gmt":"2022-10-21T22:11:26","guid":{"rendered":"https:\/\/hddps.hlz.hr\/index.php\/home\/"},"modified":"2025-11-30T22:24:35","modified_gmt":"2025-11-30T22:24:35","slug":"home","status":"publish","type":"page","link":"https:\/\/hddps.hlz.hr\/","title":{"rendered":"Hrvatsko dru\u0161tvo za dje\u010dju i preventivnu stomatologiju HLZ-a"},"content":{"rendered":"<h2>Najava kongresa:<\/h2>\n<h2><a href=\"https:\/\/contres.hr\/dogadjaj\/dani-djecje-stomatologije-2025\/\"><strong>Hrvatski dani dje\u010dje stomatologije 2025<\/strong><\/a><\/h2>\n<p><strong>05.-06.12.2025. <\/strong><\/p>\n<p><strong>Po\u0161tovane kolegice i kolege,<\/strong><\/p>\n<p><strong>Ovim putem \u017eelimo Vas\u00a0 pozvati na na\u0161 kongres \u201eHrvatski dani dje\u010dje stomatologije 2025\u201c kojeg tradicionalno organiziraju Hrvatsko dru\u0161tvo za dje\u010dju i preventivnu stomatologiju\/HLZ-a i Stomatolo\u0161ki fakultet Sveu\u010dili\u0161ta u Zagrebu.<\/strong><\/p>\n<p>Mjesto doga\u0111anja:\u00a0<strong>Hotel International, Miramarska 24, Zagreb<\/strong><\/p>\n<p><strong>Veselimo se Va\u0161em dolasku!\u00a0<\/strong><\/p>\n<figure id=\"attachment_521\" aria-describedby=\"caption-attachment-521\" style=\"width: 285px\" class=\"wp-caption alignnone\"><a href=\"https:\/\/contres.hr\/dogadjaj\/dani-djecje-stomatologije-2025\/\"><img loading=\"lazy\" decoding=\"async\" class=\"wp-image-521 size-medium\" src=\"https:\/\/hddps.hlz.hr\/wp-content\/uploads\/2025\/11\/Dani-djecje-2025-2-285x300.jpg\" alt=\"\" width=\"285\" height=\"300\" srcset=\"https:\/\/hddps.hlz.hr\/wp-content\/uploads\/2025\/11\/Dani-djecje-2025-2-285x300.jpg 285w, https:\/\/hddps.hlz.hr\/wp-content\/uploads\/2025\/11\/Dani-djecje-2025-2-768x808.jpg 768w, https:\/\/hddps.hlz.hr\/wp-content\/uploads\/2025\/11\/Dani-djecje-2025-2.jpg 826w\" sizes=\"auto, (max-width: 285px) 100vw, 285px\" \/><\/a><figcaption id=\"caption-attachment-521\" class=\"wp-caption-text\">Program<\/figcaption><\/figure>\n<p>Za sudjelovanje na kongresu, molimo Vas prijavite se online: <a href=\"https:\/\/contres.hr\/dogadjaj\/dani-djecje-stomatologije-2025\/\">https:\/\/contres.hr\/dogadjaj\/dani-djecje-stomatologije-2025.<\/a><\/p>\n<p>Nakon \u0161to ispunite i po\u0161aljete prijavu, na Va\u0161u e-mail adresu zaprimit \u0107e te ra\u010dun za pla\u0107anje kotizacije.<\/p>\n<p><a href=\"https:\/\/contres.hr\/dogadjaj\/dani-djecje-stomatologije-2025\/\">Za dodatne obavijesti nazovite: +385 1 4802-102,<br \/>\npi\u0161ite na e-mail: juric@sfzg.hr ili +385 1 4821-193<br \/>\n(conTres\/slu\u017ebena agencija), pi\u0161ite na mail:<br \/>\nmaja@contres.hr<br \/>\n<\/a><br \/>\nSponzori kongresa:<\/p>\n<p><img loading=\"lazy\" decoding=\"async\" class=\"alignnone size-full wp-image-276\" src=\"https:\/\/hddps.hlz.hr\/wp-content\/uploads\/2022\/11\/Philips.png\" alt=\"\" width=\"224\" height=\"195\" \/><\/p>\n<p><img loading=\"lazy\" decoding=\"async\" class=\"alignnone size-full wp-image-436\" src=\"https:\/\/hddps.hlz.hr\/wp-content\/uploads\/2023\/10\/GC-logo.png\" alt=\"\" width=\"225\" height=\"225\" srcset=\"https:\/\/hddps.hlz.hr\/wp-content\/uploads\/2023\/10\/GC-logo.png 225w, https:\/\/hddps.hlz.hr\/wp-content\/uploads\/2023\/10\/GC-logo-150x150.png 150w\" sizes=\"auto, (max-width: 225px) 100vw, 225px\" \/><\/p>\n<h2><a href=\"https:\/\/contres.hr\/dogadjaj\/dani-djecje-stomatologije-2024\/\">Kongres<br \/>\n<b>Hrvatski dani dje\u010dje stomatologije 2024.<\/b><br \/>\n29. i 30. studenoga 2024.<\/a><\/h2>\n<p>Hotel INTERNACIONAL<br \/>\nZagreb<\/p>\n<p>Za sudjelovanje na kongresu, molimo Vas prijavite se online: https:\/\/contres.hr\/dogadjaj\/dani-djecje-stomatologije-2024.<\/p>\n<p>Nakon \u0161to ispunite i po\u0161aljete prijavu, na Va\u0161u e-mail adresu zaprimit \u0107e te ra\u010dun za pla\u0107anje kotizacije.<\/p>\n<p>Rok za prijavu sa\u017eetaka za poster prezentacije je 22.11.2024.<\/p>\n<p>Za dodatne obavijesti nazovite: +385 1 4802-102,<br \/>\npi\u0161ite na e-mail: juric@sfzg.hr ili +385 1 4821-193<br \/>\n(conTres\/slu\u017ebena agencija), pi\u0161ite na mail:<br \/>\nmaja@contres.hr<\/p>\n<h3>Sponzori kongresa:<\/h3>\n<p><img loading=\"lazy\" decoding=\"async\" src=\"https:\/\/hddps.hlz.hr\/wp-content\/uploads\/2023\/10\/GC-logo.png\" sizes=\"auto, (max-width: 225px) 100vw, 225px\" srcset=\"https:\/\/hddps.hlz.hr\/wp-content\/uploads\/2023\/10\/GC-logo.png 225w, https:\/\/hddps.hlz.hr\/wp-content\/uploads\/2023\/10\/GC-logo-150x150.png 150w\" alt=\"\" width=\"225\" height=\"225\" \/><br \/>\n<img loading=\"lazy\" decoding=\"async\" src=\"https:\/\/hddps.hlz.hr\/wp-content\/uploads\/2022\/11\/Philips.png\" alt=\"\" width=\"224\" height=\"195\" \/><\/p>\n<h3><strong>Svjetski Dan\u00a0 Oralnog Zdravlja<\/strong><\/h3>\n<h3><strong> 20. o\u017eujka<\/strong><\/h3>\n<figure><img loading=\"lazy\" decoding=\"async\" src=\"https:\/\/hddps.hlz.hr\/wp-content\/uploads\/2023\/04\/WOHD23-PressAd1-CR_page-0001-725x1024.jpg\" sizes=\"auto, (max-width: 725px) 100vw, 725px\" srcset=\"https:\/\/hddps.hlz.hr\/wp-content\/uploads\/2023\/04\/WOHD23-PressAd1-CR_page-0001-725x1024.jpg 725w, https:\/\/hddps.hlz.hr\/wp-content\/uploads\/2023\/04\/WOHD23-PressAd1-CR_page-0001-212x300.jpg 212w, https:\/\/hddps.hlz.hr\/wp-content\/uploads\/2023\/04\/WOHD23-PressAd1-CR_page-0001-768x1085.jpg 768w, https:\/\/hddps.hlz.hr\/wp-content\/uploads\/2023\/04\/WOHD23-PressAd1-CR_page-0001-1087x1536.jpg 1087w, https:\/\/hddps.hlz.hr\/wp-content\/uploads\/2023\/04\/WOHD23-PressAd1-CR_page-0001.jpg 1241w\" alt=\"\" width=\"725\" height=\"1024\" \/><figcaption>Svjetski dan oralnog zdravlja 2023<\/figcaption><\/figure>\n<h2>doga\u0111anja<\/h2>\n<figure><a href=\"https:\/\/iapd2023.org\/\"><br \/>\n<img loading=\"lazy\" decoding=\"async\" src=\"https:\/\/hddps.hlz.hr\/wp-content\/uploads\/2023\/04\/iapd-2023.png\" sizes=\"auto, (max-width: 600px) 100vw, 600px\" srcset=\"https:\/\/hddps.hlz.hr\/wp-content\/uploads\/2023\/04\/iapd-2023.png 600w, https:\/\/hddps.hlz.hr\/wp-content\/uploads\/2023\/04\/iapd-2023-300x49.png 300w\" alt=\"\" width=\"600\" height=\"97\" \/> <\/a><figcaption>Svjetski kongres dje\u010dje stomatologije<\/figcaption><\/figure>\n<p><a href=\"https:\/\/www.eapdseminar2023.eu\/\" target=\"_blank\" rel=\"noopener\"><br \/>\n<img loading=\"lazy\" decoding=\"async\" src=\"https:\/\/hddps.hlz.hr\/wp-content\/uploads\/2023\/04\/EAPD-INTERIM2023-1024x428.png\" sizes=\"auto, (max-width: 1024px) 100vw, 1024px\" srcset=\"https:\/\/hddps.hlz.hr\/wp-content\/uploads\/2023\/04\/EAPD-INTERIM2023-1024x428.png 1024w, https:\/\/hddps.hlz.hr\/wp-content\/uploads\/2023\/04\/EAPD-INTERIM2023-300x125.png 300w, https:\/\/hddps.hlz.hr\/wp-content\/uploads\/2023\/04\/EAPD-INTERIM2023-768x321.png 768w, https:\/\/hddps.hlz.hr\/wp-content\/uploads\/2023\/04\/EAPD-INTERIM2023.png 1140w\" alt=\"\" width=\"1024\" height=\"428\" \/> <\/a><br \/>\n<a href=\"https:\/\/www.orca2023.com\/\"><br \/>\n<img loading=\"lazy\" decoding=\"async\" src=\"https:\/\/hddps.hlz.hr\/wp-content\/uploads\/2023\/04\/orca-2023-1024x256.png\" sizes=\"auto, (max-width: 1024px) 100vw, 1024px\" srcset=\"https:\/\/hddps.hlz.hr\/wp-content\/uploads\/2023\/04\/orca-2023-1024x256.png 1024w, https:\/\/hddps.hlz.hr\/wp-content\/uploads\/2023\/04\/orca-2023-300x75.png 300w, https:\/\/hddps.hlz.hr\/wp-content\/uploads\/2023\/04\/orca-2023-768x192.png 768w, https:\/\/hddps.hlz.hr\/wp-content\/uploads\/2023\/04\/orca-2023-1536x384.png 1536w, https:\/\/hddps.hlz.hr\/wp-content\/uploads\/2023\/04\/orca-2023.png 1600w\" alt=\"\" width=\"1024\" height=\"256\" \/> <\/a><br \/>\n<a href=\"https:\/\/iapdsummit.org\/\" target=\"_blank\" rel=\"noopener\"><br \/>\n<img loading=\"lazy\" decoding=\"async\" src=\"https:\/\/hddps.hlz.hr\/wp-content\/uploads\/2022\/10\/kongresIAPD2022.png\" sizes=\"auto, (max-width: 873px) 100vw, 873px\" srcset=\"https:\/\/hddps.hlz.hr\/wp-content\/uploads\/2022\/10\/kongresIAPD2022.png 873w, https:\/\/hddps.hlz.hr\/wp-content\/uploads\/2022\/10\/kongresIAPD2022-292x300.png 292w, https:\/\/hddps.hlz.hr\/wp-content\/uploads\/2022\/10\/kongresIAPD2022-768x789.png 768w\" alt=\"\" width=\"873\" height=\"897\" \/> <\/a><\/p>\n<h3>IAPD Global Summit 2022<\/h3>\n<p>Drugi globalni IAPD summit odr\u017eava se od 10. &#8211; 13. 11. 2022. u Rimu, Italija.<\/p>\n<p>Tema kongresa je: Care Pathways for Caries Management in Children: Global Initiative<\/p>\n<p><a href=\"https:\/\/iapdsummit.org\/\"><br \/>\nPro\u010ditaj vi\u0161e &gt;<br \/>\n<\/a><br \/>\n<a href=\"https:\/\/eapdcongress.com\/\" target=\"_blank\" rel=\"noopener\"><br \/>\n<img loading=\"lazy\" decoding=\"async\" src=\"https:\/\/hddps.hlz.hr\/wp-content\/uploads\/2022\/10\/LOGO-EAPD_2022-1-oqvj08r87576fg3qz7e4ja0kzw6lxdaqd1d02mylmo.png\" alt=\"\" width=\"246\" height=\"235\" \/> <\/a><\/p>\n<h3>EAPD Congress 2022<\/h3>\n<p>16. EAPD kongres se odr\u017eava u Lisabonu, Portugal od 15. &#8211; 18. 06. 2022.<\/p>\n<p><a href=\"https:\/\/eapdcongress.com\/\"><br \/>\nPro\u010ditaj vi\u0161e &gt;<br \/>\n<\/a><br \/>\n<a href=\"https:\/\/www.orca-caries-research.org\/events\/past-events\" target=\"_blank\" rel=\"noopener\"><br \/>\n<img loading=\"lazy\" decoding=\"async\" src=\"https:\/\/hddps.hlz.hr\/wp-content\/uploads\/2022\/10\/orca-entry-150x150.jpg\" alt=\"\" width=\"150\" height=\"150\" \/> <\/a><\/p>\n<h3><a href=\"https:\/\/www.orca-caries-research.org\/events\/past-events\">orca online predavanja<br \/>\n68. online kongres<\/a><\/h3>\n<p>Pozvana predavanja svjetskih predava\u010da odr\u017eanih na 68. ORCA kongresu dostupna su u cijelosti na sljede\u0107im poveznicama.<\/p>\n<p><a href=\"https:\/\/www.orca-caries-research.org\/events\/past-events\"><br \/>\nPro\u010ditaj vi\u0161e &gt;<br \/>\n<\/a><\/p>\n<h2><a href=\"https:\/\/www.eapd.eu\/index.php\/policies-and-guidelines\" target=\"_blank\" rel=\"noopener\">Publikacije<\/a><\/h2>\n<p>Najnovije klini\u010dke smjernice EAPD-a su dostupne na slijede\u0107im poveznicama.<\/p>\n<p>https:\/\/www.eapd.eu\/index.php\/policies-and-guidelines<\/p>\n<h3>doga\u0111anja<\/h3>\n<p>&nbsp;<\/p>\n<p style=\"text-align: center;\">Hrvatski dani dje\u010dje i preventivne <a href=\"https:\/\/ contres.hr\/dani-djecje-stomatologije-2022\/).\" target=\"_blank\" rel=\"noopener\">https:\/\/ contres.hr\/dani-djecje-stomatologije-2022\/).<\/a>stomatologije 2022<\/p>\n<p style=\"text-align: center;\"><img loading=\"lazy\" decoding=\"async\" src=\"https:\/\/hddps.hlz.hr\/wp-content\/uploads\/2022\/10\/kongres-2022a-300x230.png\" alt=\"\" width=\"300\" height=\"230\" \/><\/p>\n<h3>kongresi<\/h3>\n<p>IAPD congress 2023, Maastricht, Nizozemska<\/p>\n<p><a href=\"https:\/\/iapd2023.org\/\">https:\/\/iapd2023.org\/<\/a><\/p>\n<p>2nd IAPD Global Summit <a href=\"https:\/\/iapdsummit.org\/\" target=\"_blank\" rel=\"noopener\">https:\/\/iapdsummit.org\/\u00a0<\/a><\/p>\n<p><img loading=\"lazy\" decoding=\"async\" src=\"https:\/\/hddps.hlz.hr\/wp-content\/uploads\/2022\/10\/kongresIAPD2022-292x300.png\" alt=\"\" width=\"292\" height=\"300\" \/><\/p>\n<h3>Sponzori<\/h3>\n<p>&nbsp;<\/p>\n<p><img loading=\"lazy\" decoding=\"async\" src=\"https:\/\/hddps.hlz.hr\/wp-content\/uploads\/2022\/11\/Philips.png\" alt=\"\" width=\"224\" height=\"195\" \/>.<\/p>\n<p><img loading=\"lazy\" decoding=\"async\" src=\"https:\/\/hddps.hlz.hr\/wp-content\/uploads\/2023\/10\/logo_preview1.png\" sizes=\"auto, (max-width: 872px) 100vw, 872px\" srcset=\"https:\/\/hddps.hlz.hr\/wp-content\/uploads\/2023\/10\/logo_preview1.png 872w, https:\/\/hddps.hlz.hr\/wp-content\/uploads\/2023\/10\/logo_preview1-300x149.png 300w, https:\/\/hddps.hlz.hr\/wp-content\/uploads\/2023\/10\/logo_preview1-768x381.png 768w\" alt=\"\" width=\"872\" height=\"433\" \/><br \/>\n<a href=\"https:\/\/www.facebook.com\/people\/Dje%C4%8Dja-Stomatologija-Hddps\/100011332808308\/\" target=\"_blank\" rel=\"noopener\"><br \/>\nFacebook<br \/>\n<\/a><br \/>\n<img loading=\"lazy\" decoding=\"async\" src=\"https:\/\/hddps.hlz.hr\/wp-content\/uploads\/2023\/10\/ORCA2024-1024x576.png\" sizes=\"auto, (max-width: 1024px) 100vw, 1024px\" srcset=\"https:\/\/hddps.hlz.hr\/wp-content\/uploads\/2023\/10\/ORCA2024-1024x576.png 1024w, https:\/\/hddps.hlz.hr\/wp-content\/uploads\/2023\/10\/ORCA2024-300x169.png 300w, https:\/\/hddps.hlz.hr\/wp-content\/uploads\/2023\/10\/ORCA2024-768x432.png 768w, https:\/\/hddps.hlz.hr\/wp-content\/uploads\/2023\/10\/ORCA2024-1536x864.png 1536w, https:\/\/hddps.hlz.hr\/wp-content\/uploads\/2023\/10\/ORCA2024.png 1920w\" alt=\"\" width=\"1024\" height=\"576\" \/><\/p>\n<p>Lorem ipsum dolor sit amet, consectetur adipiscing elit. Ut elit tellus, luctus nec ullamcorper mattis, pulvinar dapibus leo.<\/p>\n","protected":false},"excerpt":{"rendered":"<p>Najava kongresa: Hrvatski dani dje\u010dje stomatologije 2025 05.-06.12.2025. Po\u0161tovane kolegice i kolege, Ovim putem \u017eelimo Vas\u00a0 pozvati na na\u0161 kongres \u201eHrvatski dani dje\u010dje stomatologije 2025\u201c kojeg tradicionalno organiziraju Hrvatsko dru\u0161tvo za dje\u010dju i preventivnu stomatologiju\/HLZ-a i Stomatolo\u0161ki fakultet Sveu\u010dili\u0161ta u Zagrebu. Mjesto doga\u0111anja:\u00a0Hotel International, Miramarska 24, Zagreb Veselimo se Va\u0161em dolasku!\u00a0 Za sudjelovanje na kongresu, [&hellip;]<\/p>\n","protected":false},"author":1,"featured_media":0,"parent":0,"menu_order":1,"comment_status":"closed","ping_status":"closed","template":"","meta":{"footnotes":""},"class_list":["post-63","page","type-page","status-publish","hentry"],"_links":{"self":[{"href":"https:\/\/hddps.hlz.hr\/index.php\/wp-json\/wp\/v2\/pages\/63","targetHints":{"allow":["GET"]}}],"collection":[{"href":"https:\/\/hddps.hlz.hr\/index.php\/wp-json\/wp\/v2\/pages"}],"about":[{"href":"https:\/\/hddps.hlz.hr\/index.php\/wp-json\/wp\/v2\/types\/page"}],"author":[{"embeddable":true,"href":"https:\/\/hddps.hlz.hr\/index.php\/wp-json\/wp\/v2\/users\/1"}],"replies":[{"embeddable":true,"href":"https:\/\/hddps.hlz.hr\/index.php\/wp-json\/wp\/v2\/comments?post=63"}],"version-history":[{"count":231,"href":"https:\/\/hddps.hlz.hr\/index.php\/wp-json\/wp\/v2\/pages\/63\/revisions"}],"predecessor-version":[{"id":530,"href":"https:\/\/hddps.hlz.hr\/index.php\/wp-json\/wp\/v2\/pages\/63\/revisions\/530"}],"wp:attachment":[{"href":"https:\/\/hddps.hlz.hr\/index.php\/wp-json\/wp\/v2\/media?parent=63"}],"curies":[{"name":"wp","href":"https:\/\/api.w.org\/{rel}","templated":true}]}}